{"id":1160,"date":"2022-06-21T12:51:04","date_gmt":"2022-06-21T10:51:04","guid":{"rendered":"https:\/\/dev.iebl.de\/?page_id=1160"},"modified":"2022-08-31T11:22:22","modified_gmt":"2022-08-31T09:22:22","slug":"datenschutz-2","status":"publish","type":"page","link":"https:\/\/dev.iebl.de\/index.php\/datenschutz-2\/","title":{"rendered":"Datenschutz"},"content":{"rendered":"\n<figure class=\"wp-block-image size-large is-resized is-style-default\"><img decoding=\"async\" src=\"https:\/\/dev.iebl.de\/wp-content\/uploads\/2022\/06\/privacy-policy-g67c36801b_1920-1024x702.jpg\" alt=\"\" class=\"wp-image-1159\" width=\"768\" srcset=\"https:\/\/dev.iebl.de\/wp-content\/uploads\/2022\/06\/privacy-policy-g67c36801b_1920-1024x702.jpg 1024w, https:\/\/dev.iebl.de\/wp-content\/uploads\/2022\/06\/privacy-policy-g67c36801b_1920-300x206.jpg 300w, https:\/\/dev.iebl.de\/wp-content\/uploads\/2022\/06\/privacy-policy-g67c36801b_1920-768x527.jpg 768w, https:\/\/dev.iebl.de\/wp-content\/uploads\/2022\/06\/privacy-policy-g67c36801b_1920-1536x1054.jpg 1536w, https:\/\/dev.iebl.de\/wp-content\/uploads\/2022\/06\/privacy-policy-g67c36801b_1920.jpg 1920w\" sizes=\"(max-width: 1024px) 100vw, 1024px\" \/><\/figure>\n\n\n\n<div class=\"inherit-container-width wp-block-group alignfull is-layout-constrained wp-block-group-is-layout-constrained\"><div class=\"wp-block-group__inner-container\">\n<h2 class=\"has-background wp-block-heading\" style=\"background-color:#00000000;font-size:30px\">Bei uns wird DATENSCHUTZ GROSS geschrieben<\/h2>\n\n\n\n<div class=\"wp-block-columns alignwide are-vertically-aligned-top is-layout-flex wp-container-core-columns-is-layout-28f84493 wp-block-columns-is-layout-flex\">\n<div class=\"wp-block-column is-layout-flow wp-block-column-is-layout-flow\">\n<p>Mit unseren geschulten Datenschutzbeauftragten und zertifizierten Datenschutzbeauftragten begleiten wir Sie bei allen Fragen rund um das Thema Datenschutz. Wir freuen uns auf Ihre Anfrage.<\/p>\n<\/div>\n<\/div>\n\n\n\n<div class=\"wp-block-columns alignwide are-vertically-aligned-center is-layout-flex wp-container-core-columns-is-layout-28f84493 wp-block-columns-is-layout-flex\">\n<div class=\"wp-block-column is-vertically-aligned-center is-layout-flow wp-block-column-is-layout-flow\">\n<h3 class=\"has-text-align-left has-ast-global-color-2-color has-text-color wp-block-heading\" style=\"font-size:30px\"><strong>Pr\u00fcfung Ihrer Webseite<\/strong><\/h3>\n\n\n\n<p class=\"has-text-align-left\">Wir pr\u00fcfen Ihre WebSite auf Einhaltung der DSGVO-Vorschriften.<\/p>\n<\/div>\n\n\n\n<div class=\"wp-block-column is-vertically-aligned-center is-layout-flow wp-block-column-is-layout-flow\">\n<figure class=\"wp-block-image alignfull size-large\"><img loading=\"lazy\" decoding=\"async\" width=\"1024\" height=\"732\" src=\"https:\/\/dev.iebl.de\/wp-content\/uploads\/2022\/06\/percent-gdaff2b3da_1920-1024x732.jpg\" alt=\"\" class=\"wp-image-1189\" srcset=\"https:\/\/dev.iebl.de\/wp-content\/uploads\/2022\/06\/percent-gdaff2b3da_1920-1024x732.jpg 1024w, https:\/\/dev.iebl.de\/wp-content\/uploads\/2022\/06\/percent-gdaff2b3da_1920-300x215.jpg 300w, https:\/\/dev.iebl.de\/wp-content\/uploads\/2022\/06\/percent-gdaff2b3da_1920-768x549.jpg 768w, https:\/\/dev.iebl.de\/wp-content\/uploads\/2022\/06\/percent-gdaff2b3da_1920-1536x1098.jpg 1536w, https:\/\/dev.iebl.de\/wp-content\/uploads\/2022\/06\/percent-gdaff2b3da_1920.jpg 1920w\" sizes=\"auto, (max-width: 1024px) 100vw, 1024px\" \/><\/figure>\n<\/div>\n\n\n\n<div class=\"wp-block-column is-vertically-aligned-center is-layout-flow wp-block-column-is-layout-flow\">\n<figure class=\"wp-block-image alignfull size-large\"><img loading=\"lazy\" decoding=\"async\" width=\"1024\" height=\"576\" src=\"https:\/\/dev.iebl.de\/wp-content\/uploads\/2022\/06\/desktop-background-g6b02e7d7f_1280-1-1024x576.jpg\" alt=\"\" class=\"wp-image-1187\" srcset=\"https:\/\/dev.iebl.de\/wp-content\/uploads\/2022\/06\/desktop-background-g6b02e7d7f_1280-1-1024x576.jpg 1024w, https:\/\/dev.iebl.de\/wp-content\/uploads\/2022\/06\/desktop-background-g6b02e7d7f_1280-1-300x169.jpg 300w, https:\/\/dev.iebl.de\/wp-content\/uploads\/2022\/06\/desktop-background-g6b02e7d7f_1280-1-768x432.jpg 768w, https:\/\/dev.iebl.de\/wp-content\/uploads\/2022\/06\/desktop-background-g6b02e7d7f_1280-1.jpg 1280w\" sizes=\"auto, (max-width: 1024px) 100vw, 1024px\" \/><\/figure>\n<\/div>\n\n\n\n<div class=\"wp-block-column is-vertically-aligned-center is-layout-flow wp-block-column-is-layout-flow\">\n<h3 class=\"has-text-align-left has-ast-global-color-2-color has-text-color wp-block-heading\" style=\"font-size:30px\">externe DSB<\/h3>\n\n\n\n<p class=\"has-text-align-left has-ast-global-color-3-color has-text-color\">Wir stellen einen externen Datenschutzbeauftragten f\u00fcr Ihr Unternehmen<\/p>\n<\/div>\n<\/div>\n\n\n\n<div class=\"wp-block-columns alignwide are-vertically-aligned-center is-layout-flex wp-container-core-columns-is-layout-28f84493 wp-block-columns-is-layout-flex\">\n<div class=\"wp-block-column is-vertically-aligned-center is-layout-flow wp-block-column-is-layout-flow\">\n<h3 class=\"has-text-align-left has-ast-global-color-2-color has-text-color wp-block-heading\" style=\"font-size:30px\">Dokumentation<\/h3>\n\n\n\n<p class=\"has-text-align-left has-ast-global-color-3-color has-text-color\">Erstellen von Datenschutzfolge-absch\u00e4tzungen, Pflege von Verarbeitungsverzeichnissen, usw.<\/p>\n<\/div>\n\n\n\n<div class=\"wp-block-column is-vertically-aligned-center is-layout-flow wp-block-column-is-layout-flow\">\n<figure class=\"wp-block-image alignfull size-large\"><img loading=\"lazy\" decoding=\"async\" width=\"1024\" height=\"678\" src=\"https:\/\/dev.iebl.de\/wp-content\/uploads\/2022\/06\/book-g56b9e8136_1280-1024x678.jpg\" alt=\"\" class=\"wp-image-1188\" srcset=\"https:\/\/dev.iebl.de\/wp-content\/uploads\/2022\/06\/book-g56b9e8136_1280-1024x678.jpg 1024w, https:\/\/dev.iebl.de\/wp-content\/uploads\/2022\/06\/book-g56b9e8136_1280-300x199.jpg 300w, https:\/\/dev.iebl.de\/wp-content\/uploads\/2022\/06\/book-g56b9e8136_1280-768x508.jpg 768w, https:\/\/dev.iebl.de\/wp-content\/uploads\/2022\/06\/book-g56b9e8136_1280.jpg 1280w\" sizes=\"auto, (max-width: 1024px) 100vw, 1024px\" \/><\/figure>\n<\/div>\n\n\n\n<div class=\"wp-block-column is-vertically-aligned-center is-layout-flow wp-block-column-is-layout-flow\">\n<figure class=\"wp-block-image alignfull size-large\"><img loading=\"lazy\" decoding=\"async\" width=\"1024\" height=\"1024\" src=\"https:\/\/dev.iebl.de\/wp-content\/uploads\/2022\/06\/teacher-g4d2d57d67_1920-1024x1024.jpg\" alt=\"\" class=\"wp-image-1179\" srcset=\"https:\/\/dev.iebl.de\/wp-content\/uploads\/2022\/06\/teacher-g4d2d57d67_1920-1024x1024.jpg 1024w, https:\/\/dev.iebl.de\/wp-content\/uploads\/2022\/06\/teacher-g4d2d57d67_1920-300x300.jpg 300w, https:\/\/dev.iebl.de\/wp-content\/uploads\/2022\/06\/teacher-g4d2d57d67_1920-150x150.jpg 150w, https:\/\/dev.iebl.de\/wp-content\/uploads\/2022\/06\/teacher-g4d2d57d67_1920-768x768.jpg 768w, https:\/\/dev.iebl.de\/wp-content\/uploads\/2022\/06\/teacher-g4d2d57d67_1920-1536x1536.jpg 1536w, https:\/\/dev.iebl.de\/wp-content\/uploads\/2022\/06\/teacher-g4d2d57d67_1920.jpg 1920w\" sizes=\"auto, (max-width: 1024px) 100vw, 1024px\" \/><\/figure>\n<\/div>\n\n\n\n<div class=\"wp-block-column is-vertically-aligned-center is-layout-flow wp-block-column-is-layout-flow\">\n<h3 class=\"has-text-align-left has-ast-global-color-2-color has-text-color wp-block-heading\" style=\"font-size:30px\">Schulungen<\/h3>\n\n\n\n<p class=\"has-text-align-left has-ast-global-color-3-color has-text-color\">Sensibiliserung f\u00fcr das Thema Datenschutz<\/p>\n\n\n\n<p><\/p>\n<\/div>\n<\/div>\n<\/div><\/div>\n\n\n\n<p><\/p>\n\n\n<div class=\"wpforms-container \" id=\"wpforms-45\"><form id=\"wpforms-form-45\" class=\"wpforms-validate wpforms-form\" data-formid=\"45\" method=\"post\" enctype=\"multipart\/form-data\" action=\"\/index.php\/wp-json\/wp\/v2\/pages\/1160\" data-token=\"194298892636c7f2d926e202bfd623eb\"><noscript class=\"wpforms-error-noscript\">Bitte aktiviere JavaScript in deinem Browser, um dieses Formular fertigzustellen.<\/noscript><div class=\"wpforms-field-container\"><div id=\"wpforms-45-field_0-container\" class=\"wpforms-field wpforms-field-name\" data-field-id=\"0\"><label class=\"wpforms-field-label\" for=\"wpforms-45-field_0\">Name <span class=\"wpforms-required-label\">*<\/span><\/label><input type=\"text\" id=\"wpforms-45-field_0\" class=\"wpforms-field-large wpforms-field-required\" name=\"wpforms[fields][0]\" required><\/div><div id=\"wpforms-45-field_1-container\" class=\"wpforms-field wpforms-field-email\" data-field-id=\"1\"><label class=\"wpforms-field-label\" for=\"wpforms-45-field_1\">Email <span class=\"wpforms-required-label\">*<\/span><\/label><input type=\"email\" id=\"wpforms-45-field_1\" class=\"wpforms-field-large wpforms-field-required\" name=\"wpforms[fields][1]\" required><\/div><div id=\"wpforms-45-field_3-container\" class=\"wpforms-field wpforms-field-text\" data-field-id=\"3\"><label class=\"wpforms-field-label\" for=\"wpforms-45-field_3\">Betreff <span class=\"wpforms-required-label\">*<\/span><\/label><input type=\"text\" id=\"wpforms-45-field_3\" class=\"wpforms-field-large wpforms-field-required\" name=\"wpforms[fields][3]\" required><\/div><div id=\"wpforms-45-field_2-container\" class=\"wpforms-field wpforms-field-textarea\" data-field-id=\"2\"><label class=\"wpforms-field-label\" for=\"wpforms-45-field_2\">Ihre Nachricht <span class=\"wpforms-required-label\">*<\/span><\/label><textarea id=\"wpforms-45-field_2\" class=\"wpforms-field-medium wpforms-field-required\" name=\"wpforms[fields][2]\" required><\/textarea><\/div><\/div><div class=\"wpforms-submit-container\"><input type=\"hidden\" name=\"wpforms[id]\" value=\"45\"><input type=\"hidden\" name=\"wpforms[author]\" value=\"1\"><button type=\"submit\" name=\"wpforms[submit]\" id=\"wpforms-submit-45\" class=\"wpforms-submit\" data-alt-text=\"Sending...\" data-submit-text=\"Nachricht absenden\" aria-live=\"assertive\" value=\"wpforms-submit\">Nachricht absenden<\/button><\/div><\/form><\/div>  <!-- .wpforms-container -->\n\n\n<p><\/p>\n","protected":false},"excerpt":{"rendered":"<p>Bei uns wird DATENSCHUTZ GROSS geschrieben Mit unseren geschulten Datenschutzbeauftragten und zertifizierten Datenschutzbeauftragten begleiten wir Sie bei allen Fragen rund um das Thema Datenschutz. Wir freuen uns auf Ihre Anfrage. Pr\u00fcfung Ihrer Webseite Wir pr\u00fcfen Ihre WebSite auf Einhaltung der DSGVO-Vorschriften. externe DSB Wir stellen einen externen Datenschutzbeauftragten f\u00fcr Ihr Unternehmen Dokumentation Erstellen von Datenschutzfolge-absch\u00e4tzungen, &hellip;<\/p>\n<p class=\"read-more\"> <a class=\"\" href=\"https:\/\/dev.iebl.de\/index.php\/datenschutz-2\/\"> <span class=\"screen-reader-text\">Datenschutz<\/span> Weiterlesen &raquo;<\/a><\/p>\n","protected":false},"author":1,"featured_media":0,"parent":0,"menu_order":0,"comment_status":"closed","ping_status":"closed","template":"","meta":{"site-sidebar-layout":"default","site-content-layout":"plain-container","ast-global-header-display":"","ast-main-header-display":"","ast-hfb-above-header-display":"","ast-hfb-below-header-display":"","ast-hfb-mobile-header-display":"","site-post-title":"disabled","ast-breadcrumbs-content":"","ast-featured-img":"","footer-sml-layout":"","theme-transparent-header-meta":"","adv-header-id-meta":"","stick-header-meta":"","header-above-stick-meta":"","header-main-stick-meta":"","header-below-stick-meta":"","footnotes":""},"class_list":["post-1160","page","type-page","status-publish","hentry"],"_links":{"self":[{"href":"https:\/\/dev.iebl.de\/index.php\/wp-json\/wp\/v2\/pages\/1160","targetHints":{"allow":["GET"]}}],"collection":[{"href":"https:\/\/dev.iebl.de\/index.php\/wp-json\/wp\/v2\/pages"}],"about":[{"href":"https:\/\/dev.iebl.de\/index.php\/wp-json\/wp\/v2\/types\/page"}],"author":[{"embeddable":true,"href":"https:\/\/dev.iebl.de\/index.php\/wp-json\/wp\/v2\/users\/1"}],"replies":[{"embeddable":true,"href":"https:\/\/dev.iebl.de\/index.php\/wp-json\/wp\/v2\/comments?post=1160"}],"version-history":[{"count":8,"href":"https:\/\/dev.iebl.de\/index.php\/wp-json\/wp\/v2\/pages\/1160\/revisions"}],"predecessor-version":[{"id":2065,"href":"https:\/\/dev.iebl.de\/index.php\/wp-json\/wp\/v2\/pages\/1160\/revisions\/2065"}],"wp:attachment":[{"href":"https:\/\/dev.iebl.de\/index.php\/wp-json\/wp\/v2\/media?parent=1160"}],"curies":[{"name":"wp","href":"https:\/\/api.w.org\/{rel}","templated":true}]}}